{"id":12267,"date":"2021-03-26T14:14:32","date_gmt":"2021-03-26T18:14:32","guid":{"rendered":"https:\/\/solutions-ind.com\/produit\/mul-t-square-complete\/"},"modified":"2021-07-15T10:33:13","modified_gmt":"2021-07-15T14:33:13","slug":"mul-t-square-complete","status":"publish","type":"product","link":"https:\/\/solutions-ind.com\/en\/produit\/mul-t-square-complete\/","title":{"rendered":"MUL-T-SQUARE Complet"},"content":{"rendered":"<h3>Mul-T-Square* Features<\/h3>\n<p>L&#8217;outil Sumner * Mul-T-Square * se compose de deux lames \u00e0 45 \u00b0 qui coulissent sans effort dans une poign\u00e9e en plastique de qualit\u00e9 industrielle<\/p>\n<p>Construction l\u00e9g\u00e8re en aluminium durable<br \/>\nG\u00e8re jusqu&#8217;\u00e0 8 &#8220;brides et jusqu&#8217;\u00e0 14&#8221; raccords<br \/>\nPolyvalent pour mesurer des angles de 45 \u00b0 et 90 \u00b0<br \/>\nLames marqu\u00e9es \u00e0 la fois avec des unit\u00e9s imp\u00e9riales et m\u00e9triques<br \/>\nLivr\u00e9 avec des bras de 10 &#8220;(26 cm) et 14&#8221; (35 cm)<br \/>\n\u00c9galement disponible avec des bras de 30 &#8220;(76 cm)<\/p>\n","protected":false},"excerpt":{"rendered":"<p>Mul-T-Square Complet Sumner # 790000<\/p>\n","protected":false},"featured_media":12479,"template":"","meta":{"_acf_changed":false},"product_cat":[183,184,141],"product_tag":[],"class_list":["post-12267","product","type-product","status-publish","has-post-thumbnail","hentry","marque-sumner-canada-tools","product_cat-lifting-equipment-welding-tools","product_cat-welding-accessories","product_cat-welding-make-up-tools"],"_links":{"self":[{"href":"https:\/\/solutions-ind.com\/en\/wp-json\/wp\/v3\/product\/12267","targetHints":{"allow":["GET"]}}],"collection":[{"href":"https:\/\/solutions-ind.com\/en\/wp-json\/wp\/v3\/product"}],"about":[{"href":"https:\/\/solutions-ind.com\/en\/wp-json\/wp\/v2\/types\/product"}],"wp:featuredmedia":[{"embeddable":true,"href":"https:\/\/solutions-ind.com\/en\/wp-json\/wp\/v2\/media\/12479"}],"wp:attachment":[{"href":"https:\/\/solutions-ind.com\/en\/wp-json\/wp\/v2\/media?parent=12267"}],"wp:term":[{"taxonomy":"product_cat","embeddable":true,"href":"https:\/\/solutions-ind.com\/en\/wp-json\/wp\/v2\/product_cat?post=12267"},{"taxonomy":"product_tag","embeddable":true,"href":"https:\/\/solutions-ind.com\/en\/wp-json\/wp\/v2\/product_tag?post=12267"}],"curies":[{"name":"wp","href":"https:\/\/api.w.org\/{rel}","templated":true}]}}