{"id":12305,"date":"2021-03-26T16:12:29","date_gmt":"2021-03-26T20:12:29","guid":{"rendered":"https:\/\/solutions-ind.com\/produit\/pro-jack\/"},"modified":"2021-07-15T10:32:15","modified_gmt":"2021-07-15T14:32:15","slug":"pro-jack","status":"publish","type":"product","link":"https:\/\/solutions-ind.com\/en\/produit\/pro-jack\/","title":{"rendered":"PRO JACK"},"content":{"rendered":"<h2>Support de Jack Sumner le plus \u00e9conomique<\/h2>\n<h2>Caract\u00e9ristiques standards:<\/h2>\n<h2>Pieds en acier form\u00e9s<br \/>\nMAINTENANT capacit\u00e9 de 900 kg (2500 lb)!<br \/>\nPrix pour tous les budgets<br \/>\nPlaque de tension de jambe de force pour un soutien lat\u00e9ral sup\u00e9rieur<br \/>\nRondelle de blocage \u00e0 action rapide pour un positionnement rapide en hauteur<br \/>\nLa fonction brevet\u00e9e Fall Guard \u2122 permet une zone de s\u00e9curit\u00e9 de 1 &#8220;(2,5 cm) autour de la rondelle frein<br \/>\nFiletage de r\u00e9glage fin Acme 1-1 \/ 2 &#8220;(38 mm) &#8211; le plus grand de l&#8217;industrie<br \/>\nGrande poign\u00e9e de r\u00e9glage pratique<br \/>\nVis de r\u00e9glage pour une double marge de s\u00e9curit\u00e9<br \/>\nLa vis de r\u00e9glage peut verrouiller la t\u00eate du cric pour la tenir au transport &#8211; pas de pi\u00e8ces d\u00e9tach\u00e9es<br \/>\nPrise test\u00e9e ind\u00e9pendamment pour l&#8217;assurance qualit\u00e9<br \/>\nClass\u00e9 CE<br \/>\nSoutenu par plus de quarante ans d&#8217;exp\u00e9rience dans la fabrication de chandelles<\/h2>\n","protected":false},"excerpt":{"rendered":"<p>PRO JACK<\/p>\n","protected":false},"featured_media":12489,"template":"","meta":{"_acf_changed":false},"product_cat":[183,184,141],"product_tag":[],"class_list":["post-12305","product","type-product","status-publish","has-post-thumbnail","hentry","marque-sumner-canada-tools","product_cat-lifting-equipment-welding-tools","product_cat-welding-accessories","product_cat-welding-make-up-tools"],"_links":{"self":[{"href":"https:\/\/solutions-ind.com\/en\/wp-json\/wp\/v3\/product\/12305","targetHints":{"allow":["GET"]}}],"collection":[{"href":"https:\/\/solutions-ind.com\/en\/wp-json\/wp\/v3\/product"}],"about":[{"href":"https:\/\/solutions-ind.com\/en\/wp-json\/wp\/v2\/types\/product"}],"wp:featuredmedia":[{"embeddable":true,"href":"https:\/\/solutions-ind.com\/en\/wp-json\/wp\/v2\/media\/12489"}],"wp:attachment":[{"href":"https:\/\/solutions-ind.com\/en\/wp-json\/wp\/v2\/media?parent=12305"}],"wp:term":[{"taxonomy":"product_cat","embeddable":true,"href":"https:\/\/solutions-ind.com\/en\/wp-json\/wp\/v2\/product_cat?post=12305"},{"taxonomy":"product_tag","embeddable":true,"href":"https:\/\/solutions-ind.com\/en\/wp-json\/wp\/v2\/product_tag?post=12305"}],"curies":[{"name":"wp","href":"https:\/\/api.w.org\/{rel}","templated":true}]}}