{"id":12343,"date":"2021-03-26T16:41:18","date_gmt":"2021-03-26T20:41:18","guid":{"rendered":"https:\/\/solutions-ind.com\/produit\/mini-roll\/"},"modified":"2021-07-15T10:28:15","modified_gmt":"2021-07-15T14:28:15","slug":"mini-roll","status":"publish","type":"product","link":"https:\/\/solutions-ind.com\/en\/produit\/mini-roll\/","title":{"rendered":"MINI-ROLL"},"content":{"rendered":"<h2>Caract\u00e9ristiques standards<\/h2>\n<h2>Mini-Roll supporte 7,25 &#8220;(18,4 cm) de haut<br \/>\nR\u00e9glage des rouleaux de chaque c\u00f4t\u00e9<br \/>\nR\u00e9glage rapide pour un positionnement facile des tuyaux<br \/>\nCapacit\u00e9 de tuyau de 12 \u00e0 900 mm (1\/2 &#8220;\u00e0 36&#8221;) ou de 2 500 lb (1135 kg)<br \/>\nPetite empreinte de 11 &#8220;(28 cm) de large par 22&#8221; (56 cm) de long<br \/>\nRoues con\u00e7ues pour une v\u00e9ritable rotation des tuyaux<br \/>\nRoulement en bronze pour \u00e9liminer les arcs<br \/>\nFrein pour verrouiller les charges pour la disposition ou l&#8217;am\u00e9nagement<br \/>\nPoign\u00e9e assez large pour fonctionner avec une main gant\u00e9e<\/h2>\n","protected":false},"excerpt":{"rendered":"<p>MINI-ROLL<\/p>\n","protected":false},"featured_media":12443,"template":"","meta":{"_acf_changed":false},"product_cat":[183,184,141],"product_tag":[],"class_list":["post-12343","product","type-product","status-publish","has-post-thumbnail","hentry","marque-sumner-canada-tools","product_cat-lifting-equipment-welding-tools","product_cat-welding-accessories","product_cat-welding-make-up-tools"],"_links":{"self":[{"href":"https:\/\/solutions-ind.com\/en\/wp-json\/wp\/v3\/product\/12343","targetHints":{"allow":["GET"]}}],"collection":[{"href":"https:\/\/solutions-ind.com\/en\/wp-json\/wp\/v3\/product"}],"about":[{"href":"https:\/\/solutions-ind.com\/en\/wp-json\/wp\/v2\/types\/product"}],"wp:featuredmedia":[{"embeddable":true,"href":"https:\/\/solutions-ind.com\/en\/wp-json\/wp\/v2\/media\/12443"}],"wp:attachment":[{"href":"https:\/\/solutions-ind.com\/en\/wp-json\/wp\/v2\/media?parent=12343"}],"wp:term":[{"taxonomy":"product_cat","embeddable":true,"href":"https:\/\/solutions-ind.com\/en\/wp-json\/wp\/v2\/product_cat?post=12343"},{"taxonomy":"product_tag","embeddable":true,"href":"https:\/\/solutions-ind.com\/en\/wp-json\/wp\/v2\/product_tag?post=12343"}],"curies":[{"name":"wp","href":"https:\/\/api.w.org\/{rel}","templated":true}]}}