{"id":12371,"date":"2021-03-26T17:25:26","date_gmt":"2021-03-26T21:25:26","guid":{"rendered":"https:\/\/solutions-ind.com\/produit\/big-v\/"},"modified":"2021-03-30T18:01:26","modified_gmt":"2021-03-30T22:01:26","slug":"big-v","status":"publish","type":"product","link":"https:\/\/solutions-ind.com\/en\/produit\/big-v\/","title":{"rendered":"BIG V"},"content":{"rendered":"<h2>Construction robuste pour les exigences de tuyaux les plus volumineux.<\/h2>\n<h2>Caract\u00e9ristiques standards<br \/>\nSoutient 2 500 lb (1,135 kg)<br \/>\nTuyau maximum 36 &#8220;(900 mm)<br \/>\nMinimum de 4 &#8220;100 mm)<br \/>\nGrand Voie de 12 &#8220;(30 cm)<br \/>\nPoign\u00e9e de r\u00e9glage rapide d&#8217;action<br \/>\n1-3 \/ 4 &#8220;Vis de r\u00e9glage ACME<br \/>\nTubes \u00e0 jambe carr\u00e9e de 1 &#8220;de 2,5 cm)<br \/>\nBase plus large<br \/>\nPlusieurs grands styles de t\u00eate de vede optionnels<br \/>\n\u00c0 propos de la grosse prise V<br \/>\nAvec une base plus large, une vis de r\u00e9glage ACME 1-3 \/ 4 &#8220;et une capacit\u00e9 de charge sup\u00e9rieure, le grand vee est le support id\u00e9al pour le tuyau jusqu&#8217;\u00e0 36&#8221; (900 mm) de diam\u00e8tre. Ce support de jack robuste \u00e0 3 pattes est construit dur pour les exigences de pipes plus volumineuses \u00e0 un prix abordable!<\/h2>\n<p>&nbsp;<\/p>\n","protected":false},"excerpt":{"rendered":"<p>BIG V # 780260<\/p>\n","protected":false},"featured_media":12441,"template":"","meta":{"_acf_changed":false},"product_cat":[183,184,141],"product_tag":[],"class_list":["post-12371","product","type-product","status-publish","has-post-thumbnail","hentry","marque-sumner-canada-tools","product_cat-lifting-equipment-welding-tools","product_cat-welding-accessories","product_cat-welding-make-up-tools"],"_links":{"self":[{"href":"https:\/\/solutions-ind.com\/en\/wp-json\/wp\/v3\/product\/12371","targetHints":{"allow":["GET"]}}],"collection":[{"href":"https:\/\/solutions-ind.com\/en\/wp-json\/wp\/v3\/product"}],"about":[{"href":"https:\/\/solutions-ind.com\/en\/wp-json\/wp\/v2\/types\/product"}],"wp:featuredmedia":[{"embeddable":true,"href":"https:\/\/solutions-ind.com\/en\/wp-json\/wp\/v2\/media\/12441"}],"wp:attachment":[{"href":"https:\/\/solutions-ind.com\/en\/wp-json\/wp\/v2\/media?parent=12371"}],"wp:term":[{"taxonomy":"product_cat","embeddable":true,"href":"https:\/\/solutions-ind.com\/en\/wp-json\/wp\/v2\/product_cat?post=12371"},{"taxonomy":"product_tag","embeddable":true,"href":"https:\/\/solutions-ind.com\/en\/wp-json\/wp\/v2\/product_tag?post=12371"}],"curies":[{"name":"wp","href":"https:\/\/api.w.org\/{rel}","templated":true}]}}