{"id":12400,"date":"2021-03-26T20:01:01","date_gmt":"2021-03-27T00:01:01","guid":{"rendered":"https:\/\/solutions-ind.com\/produit\/beam-jax\/"},"modified":"2021-03-26T20:24:56","modified_gmt":"2021-03-27T00:24:56","slug":"beam-jax","status":"publish","type":"product","link":"https:\/\/solutions-ind.com\/en\/produit\/beam-jax\/","title":{"rendered":"BEAM JAX"},"content":{"rendered":"<h2>D\u00e9placez les poutres dans le magasin en toute s\u00e9curit\u00e9<\/h2>\n<h2>Caract\u00e9ristiques standards<br \/>\nROULETTES EN ACIER MAINTENANT STANDARD!<br \/>\nCapacit\u00e9 de 2500 lb (1135 kg)<br \/>\nPeut contenir des poutres jusqu&#8217;\u00e0 24 &#8220;(61 cm)<br \/>\nLe dispositif de serrage centre la charge sur le support et maintient le mat\u00e9riau en place tout en se d\u00e9pla\u00e7ant dans l&#8217;atelier<br \/>\nLa construction de base \u00e0 5 pieds assure la stabilit\u00e9<br \/>\nFourches \u00e0 poutre r\u00e9versibles<\/h2>\n","protected":false},"excerpt":{"rendered":"<p>BEAM JAX KIT 781486 (BEAM JAX &amp; CASTERS)<\/p>\n","protected":false},"featured_media":12427,"template":"","meta":{"_acf_changed":false},"product_cat":[185,183,141],"product_tag":[],"class_list":["post-12400","product","type-product","status-publish","has-post-thumbnail","hentry","marque-sumner-canada-tools","product_cat-jacks","product_cat-lifting-equipment-welding-tools","product_cat-welding-make-up-tools"],"_links":{"self":[{"href":"https:\/\/solutions-ind.com\/en\/wp-json\/wp\/v3\/product\/12400","targetHints":{"allow":["GET"]}}],"collection":[{"href":"https:\/\/solutions-ind.com\/en\/wp-json\/wp\/v3\/product"}],"about":[{"href":"https:\/\/solutions-ind.com\/en\/wp-json\/wp\/v2\/types\/product"}],"wp:featuredmedia":[{"embeddable":true,"href":"https:\/\/solutions-ind.com\/en\/wp-json\/wp\/v2\/media\/12427"}],"wp:attachment":[{"href":"https:\/\/solutions-ind.com\/en\/wp-json\/wp\/v2\/media?parent=12400"}],"wp:term":[{"taxonomy":"product_cat","embeddable":true,"href":"https:\/\/solutions-ind.com\/en\/wp-json\/wp\/v2\/product_cat?post=12400"},{"taxonomy":"product_tag","embeddable":true,"href":"https:\/\/solutions-ind.com\/en\/wp-json\/wp\/v2\/product_tag?post=12400"}],"curies":[{"name":"wp","href":"https:\/\/api.w.org\/{rel}","templated":true}]}}