{"id":7609,"date":"2018-11-27T17:15:45","date_gmt":"2018-11-27T21:15:45","guid":{"rendered":"http:\/\/solutions-industrielles.revolutionpub.com\/produit\/leve-materiaux-modele-2412-et-2416\/"},"modified":"2021-04-01T07:03:41","modified_gmt":"2021-04-01T11:03:41","slug":"model-2412-and-2416-material-lift","status":"publish","type":"product","link":"https:\/\/solutions-ind.com\/en\/produit\/model-2412-and-2416-material-lift\/","title":{"rendered":"Model 2412 and 2416 Material Lift"},"content":{"rendered":"<h2><span style=\"color: #000000;\">SERIES 2400<\/span><\/h2>\n<ul>\n<li style=\"list-style-type: none;\">\n<ul>\n<li style=\"list-style-type: none;\">\n<ul>\n<li>Compact 12&#8242; (3.7 m) &amp; 16&#8242; (4.9 m) lifts<\/li>\n<li>IMPROVED lifting capacity up to 450 lb (200 kg)<\/li>\n<li>One piece construction &#8211; no loose pieces<\/li>\n<li>Extremely portable for one man operation<\/li>\n<li>Fits in most vans and SUVs<\/li>\n<li>S\u00c9RIE 2400\n<p>Nacelles compactes de 12 &#8216;(3,7 m) et 16&#8242; (4,9 m)<br \/>\nAM\u00c9LIORATION de la capacit\u00e9 de levage jusqu&#8217;\u00e0 450 lb (200 kg)<br \/>\nConstruction d&#8217;une seule pi\u00e8ce &#8211; pas de pi\u00e8ces d\u00e9tach\u00e9es<br \/>\nExtr\u00eamement portable pour une seule personne<br \/>\nConvient \u00e0 la plupart des fourgonnettes et des VUS<br \/>\n12 &#8217;11-3 \/ 4 &#8220;(4,0 m) ou 16&#8242; 11-38&#8243; (5,2 m) de hauteur lorsque les fourches sont invers\u00e9es<\/p>\n<p>12&#8242; 11-3\/4&#8243; (4.0 m) or 16&#8217; 11-38&#8221; (5.2 m) height when forks reversed<\/p>\n<table class=\"parts_table\" border=\"0\" cellspacing=\"0\" cellpadding=\"0\">\n<tbody>\n<tr>\n<td class=\"parts_yllw_c\" colspan=\"1\" rowspan=\"1\">Series 2412 Contractor Lift Dimensions<\/td>\n<td class=\"parts_yllw_c\" colspan=\"2\" rowspan=\"1\">2412<\/td>\n<\/tr>\n<tr>\n<td class=\"parts_white_c\">Height max. (forks up)<\/td>\n<td class=\"parts_white_c\">12&#8242; 11-3\/4&#8243;<\/td>\n<td class=\"parts_white_c\">4.0 m<\/td>\n<\/tr>\n<tr>\n<td class=\"parts_white_c\">Height max. (forks down)<\/td>\n<td class=\"parts_white_c\">12&#8242; 0&#8243;<\/td>\n<td class=\"parts_white_c\">3.7 m<\/td>\n<\/tr>\n<tr>\n<td class=\"parts_white_c\">Lift capacity<\/td>\n<td class=\"parts_white_c\">450.0 lb<\/td>\n<td class=\"parts_white_c\">200.0 kg<\/td>\n<\/tr>\n<tr>\n<td class=\"parts_white_c\">Height stowed<\/td>\n<td class=\"parts_white_c\">62.8&#8243;<\/td>\n<td class=\"parts_white_c\">159.4 cm<\/td>\n<\/tr>\n<tr>\n<td class=\"parts_white_c\">Length stowed<\/td>\n<td class=\"parts_white_c\">23.0&#8243;<\/td>\n<td class=\"parts_white_c\">58.4 cm<\/td>\n<\/tr>\n<tr>\n<td class=\"parts_white_c\">Length operating<\/td>\n<td class=\"parts_white_c\">48.0&#8243;<\/td>\n<td class=\"parts_white_c\">121.9 cm<\/td>\n<\/tr>\n<tr>\n<td class=\"parts_white_c\">Width stowed<\/td>\n<td class=\"parts_white_c\">26.4&#8243;<\/td>\n<td class=\"parts_white_c\">67.1 cm<\/td>\n<\/tr>\n<tr>\n<td class=\"parts_white_c\">Width operating<\/td>\n<td class=\"parts_white_c\">26.4&#8243;<\/td>\n<td class=\"parts_white_c\">67.1 cm<\/td>\n<\/tr>\n<tr>\n<td class=\"parts_white_c\">Winch cranks per foot<\/td>\n<td class=\"parts_white_c\">8<\/td>\n<td class=\"parts_white_c\">24\/m<\/td>\n<\/tr>\n<tr>\n<td class=\"parts_white_c\">Basic weight<\/td>\n<td class=\"parts_white_c\">195 lb<\/td>\n<td class=\"parts_white_c\">88.5 kg<\/td>\n<\/tr>\n<\/tbody>\n<\/table>\n<table class=\"parts_table\" border=\"0\" cellspacing=\"0\" cellpadding=\"0\">\n<tbody>\n<tr>\n<td class=\"parts_yllw_c\" colspan=\"1\" rowspan=\"1\">Series 2416 Contractor Lift Dimensions<\/td>\n<td class=\"parts_yllw_c\" colspan=\"2\" rowspan=\"1\">2416<\/td>\n<\/tr>\n<tr>\n<td class=\"parts_white_c\">Height max. (forks up)<\/td>\n<td class=\"parts_white_c\">16&#8242; 11-3\/8&#8243;<\/td>\n<td class=\"parts_white_c\">5.2 m<\/td>\n<\/tr>\n<tr>\n<td class=\"parts_white_c\">Height max. (forks down)<\/td>\n<td class=\"parts_white_c\">15&#8242; 11-5\/8&#8243;<\/td>\n<td class=\"parts_white_c\">4.9 m<\/td>\n<\/tr>\n<tr>\n<td class=\"parts_white_c\">Lift capacity<\/td>\n<td class=\"parts_white_c\">450.0 lb<\/td>\n<td class=\"parts_white_c\">200.0 kg<\/td>\n<\/tr>\n<tr>\n<td class=\"parts_white_c\">Height stowed<\/td>\n<td class=\"parts_white_c\">62.8&#8243;<\/td>\n<td class=\"parts_white_c\">159.4 cm<\/td>\n<\/tr>\n<tr>\n<td class=\"parts_white_c\">Length stowed<\/td>\n<td class=\"parts_white_c\">23.0&#8243;<\/td>\n<td class=\"parts_white_c\">58.4 cm<\/td>\n<\/tr>\n<tr>\n<td class=\"parts_white_c\">Length operating<\/td>\n<td class=\"parts_white_c\">48.0&#8243;<\/td>\n<td class=\"parts_white_c\">121.9 cm<\/td>\n<\/tr>\n<tr>\n<td class=\"parts_white_c\">Width stowed<\/td>\n<td class=\"parts_white_c\">26.4&#8243;<\/td>\n<td class=\"parts_white_c\">67.1 cm<\/td>\n<\/tr>\n<tr>\n<td class=\"parts_white_c\">Width operating<\/td>\n<td class=\"parts_white_c\">55.25&#8243;<\/td>\n<td class=\"parts_white_c\">140.3 cm<\/td>\n<\/tr>\n<tr>\n<td class=\"parts_white_c\">Winch cranks per foot<\/td>\n<td class=\"parts_white_c\">8<\/td>\n<td class=\"parts_white_c\">24\/m<\/td>\n<\/tr>\n<tr>\n<td class=\"parts_white_c\">Basic weight<\/td>\n<td class=\"parts_white_c\">243 lb<\/td>\n<td class=\"parts_white_c\">110.2 kg<\/p>\n<p>&nbsp;<\/td>\n<\/tr>\n<\/tbody>\n<\/table>\n<\/li>\n<\/ul>\n<\/li>\n<\/ul>\n<\/li>\n<\/ul>\n","protected":false},"excerpt":{"rendered":"<p>SERIES 2400 Compact 12&#8242; (3.7 m) &amp; 16&#8242; (4.9 m) lifts IMPROVED lifting capacity up to 450 lb (200 kg) One piece construction &#8211; no loose pieces Extremely portable for one man operation Fits in most vans and SUVs S\u00c9RIE 2400 Nacelles compactes de 12 &#8216;(3,7 m) et 16&#8242; (4,9 m) AM\u00c9LIORATION de la capacit\u00e9 [&hellip;]<\/p>\n","protected":false},"featured_media":7608,"template":"","meta":{"_acf_changed":false},"product_cat":[183,186,117],"product_tag":[],"class_list":["post-7609","product","type-product","status-publish","has-post-thumbnail","hentry","marque-sumner-canada-tools","product_cat-lifting-equipment-welding-tools","product_cat-lifts-and-gantries","product_cat-promotions-en"],"_links":{"self":[{"href":"https:\/\/solutions-ind.com\/en\/wp-json\/wp\/v3\/product\/7609","targetHints":{"allow":["GET"]}}],"collection":[{"href":"https:\/\/solutions-ind.com\/en\/wp-json\/wp\/v3\/product"}],"about":[{"href":"https:\/\/solutions-ind.com\/en\/wp-json\/wp\/v2\/types\/product"}],"wp:featuredmedia":[{"embeddable":true,"href":"https:\/\/solutions-ind.com\/en\/wp-json\/wp\/v2\/media\/7608"}],"wp:attachment":[{"href":"https:\/\/solutions-ind.com\/en\/wp-json\/wp\/v2\/media?parent=7609"}],"wp:term":[{"taxonomy":"product_cat","embeddable":true,"href":"https:\/\/solutions-ind.com\/en\/wp-json\/wp\/v2\/product_cat?post=7609"},{"taxonomy":"product_tag","embeddable":true,"href":"https:\/\/solutions-ind.com\/en\/wp-json\/wp\/v2\/product_tag?post=7609"}],"curies":[{"name":"wp","href":"https:\/\/api.w.org\/{rel}","templated":true}]}}